{"id":38574,"date":"2023-04-13T07:42:14","date_gmt":"2023-04-13T07:42:14","guid":{"rendered":"https:\/\/secondwind.ar\/wp\/?post_type=product&#038;p=38574"},"modified":"2023-04-13T07:43:55","modified_gmt":"2023-04-13T07:43:55","slug":"wtf-kite-2020","status":"publish","type":"product","link":"https:\/\/secondwind.ar\/wp\/producto\/wtf-kite-2020\/","title":{"rendered":"WTF Kite 2020"},"content":{"rendered":"<p>Cavok es una marca Argentina con m\u00e1s de 18 a\u00f1os de trayectoria en el mercado del kite\/ wake. Entre sus modelos se destaca la WTF (Wake The Fuck Up).  <\/p>\n<p>Esta tabla dispone de dos versiones, una perfecta para kite y otra apuntada al wake. <\/p>\n<p>(*) Un modelo con dos versiones (kite o wake)<br \/>\n(*) Para freestyle<br \/>\n(*) Resistente a los impactos y duradera<br \/>\n(*) Liviana y flexible<\/p>\n","protected":false},"excerpt":{"rendered":"<p>Esta tabla est\u00e1 construida con un n\u00facleo de madera Pawlonia, una madera Austr\u00edaca caracterizada por ser ultra liviana y muy flexible. <\/p>\n<p>Este n\u00facleo est\u00e1 envuelto por l\u00e1minas de fibra de vidrio y resina epoxy de alt\u00edsima calidad. <\/p>\n<p>Finalmente esta recubierta por un material llamado P.B.T que la protege del sol y los rayones.<\/p>\n","protected":false},"featured_media":38656,"comment_status":"open","ping_status":"closed","template":"","meta":{"site-sidebar-layout":"default","site-content-layout":"","ast-site-content-layout":"default","site-content-style":"default","site-sidebar-style":"default","ast-global-header-display":"","ast-banner-title-visibility":"","ast-main-header-display":"","ast-hfb-above-header-display":"","ast-hfb-below-header-display":"","ast-hfb-mobile-header-display":"","site-post-title":"","ast-breadcrumbs-content":"","ast-featured-img":"","footer-sml-layout":"","ast-disable-related-posts":"","theme-transparent-header-meta":"","adv-header-id-meta":"","stick-header-meta":"","header-above-stick-meta":"","header-main-stick-meta":"","header-below-stick-meta":"","astra-migrate-meta-layouts":"default","ast-page-background-enabled":"default","ast-page-background-meta":{"desktop":{"background-color":"","background-image":"","background-repeat":"repeat","background-position":"center center","background-size":"auto","background-attachment":"scroll","background-type":"","background-media":"","overlay-type":"","overlay-color":"","overlay-opacity":"","overlay-gradient":""},"tablet":{"background-color":"","background-image":"","background-repeat":"repeat","background-position":"center center","background-size":"auto","background-attachment":"scroll","background-type":"","background-media":"","overlay-type":"","overlay-color":"","overlay-opacity":"","overlay-gradient":""},"mobile":{"background-color":"","background-image":"","background-repeat":"repeat","background-position":"center center","background-size":"auto","background-attachment":"scroll","background-type":"","background-media":"","overlay-type":"","overlay-color":"","overlay-opacity":"","overlay-gradient":""}},"ast-content-background-meta":{"desktop":{"background-color":"var(--ast-global-color-5)","background-image":"","background-repeat":"repeat","background-position":"center center","background-size":"auto","background-attachment":"scroll","background-type":"","background-media":"","overlay-type":"","overlay-color":"","overlay-opacity":"","overlay-gradient":""},"tablet":{"background-color":"var(--ast-global-color-5)","background-image":"","background-repeat":"repeat","background-position":"center center","background-size":"auto","background-attachment":"scroll","background-type":"","background-media":"","overlay-type":"","overlay-color":"","overlay-opacity":"","overlay-gradient":""},"mobile":{"background-color":"var(--ast-global-color-5)","background-image":"","background-repeat":"repeat","background-position":"center center","background-size":"auto","background-attachment":"scroll","background-type":"","background-media":"","overlay-type":"","overlay-color":"","overlay-opacity":"","overlay-gradient":""}}},"product_brand":[],"product_cat":[524],"product_tag":[],"class_list":{"0":"post-38574","1":"product","2":"type-product","3":"status-publish","4":"has-post-thumbnail","6":"product_cat-cavok-2","7":"desktop-align-left","8":"tablet-align-left","9":"mobile-align-left","11":"first","12":"instock","13":"shipping-taxable","14":"purchasable","15":"product-type-simple"},"_links":{"self":[{"href":"https:\/\/secondwind.ar\/wp\/wp-json\/wp\/v2\/product\/38574","targetHints":{"allow":["GET"]}}],"collection":[{"href":"https:\/\/secondwind.ar\/wp\/wp-json\/wp\/v2\/product"}],"about":[{"href":"https:\/\/secondwind.ar\/wp\/wp-json\/wp\/v2\/types\/product"}],"replies":[{"embeddable":true,"href":"https:\/\/secondwind.ar\/wp\/wp-json\/wp\/v2\/comments?post=38574"}],"version-history":[{"count":1,"href":"https:\/\/secondwind.ar\/wp\/wp-json\/wp\/v2\/product\/38574\/revisions"}],"predecessor-version":[{"id":38657,"href":"https:\/\/secondwind.ar\/wp\/wp-json\/wp\/v2\/product\/38574\/revisions\/38657"}],"wp:featuredmedia":[{"embeddable":true,"href":"https:\/\/secondwind.ar\/wp\/wp-json\/wp\/v2\/media\/38656"}],"wp:attachment":[{"href":"https:\/\/secondwind.ar\/wp\/wp-json\/wp\/v2\/media?parent=38574"}],"wp:term":[{"taxonomy":"product_brand","embeddable":true,"href":"https:\/\/secondwind.ar\/wp\/wp-json\/wp\/v2\/product_brand?post=38574"},{"taxonomy":"product_cat","embeddable":true,"href":"https:\/\/secondwind.ar\/wp\/wp-json\/wp\/v2\/product_cat?post=38574"},{"taxonomy":"product_tag","embeddable":true,"href":"https:\/\/secondwind.ar\/wp\/wp-json\/wp\/v2\/product_tag?post=38574"}],"curies":[{"name":"wp","href":"https:\/\/api.w.org\/{rel}","templated":true}]}}