{"id":38551,"date":"2023-04-13T07:41:49","date_gmt":"2023-04-13T07:41:49","guid":{"rendered":"https:\/\/secondwind.ar\/wp\/?post_type=product&#038;p=38551"},"modified":"2023-04-13T07:43:21","modified_gmt":"2023-04-13T07:43:21","slug":"wtf-2021","status":"publish","type":"product","link":"https:\/\/secondwind.ar\/wp\/producto\/wtf-2021\/","title":{"rendered":"WTF!? 2021"},"content":{"rendered":"<p>La WTF!? fue pensada y dise\u00f1ada para ser una m\u00e1quina del freestyle permiti\u00e9ndote caer los trucos m\u00e1s demandantes. <\/p>\n<p>Con refuerzos de carbono en el sector de los insertos. Rocker agresivo en las puntas y plano en el centro inspirado en la tecnolog\u00eda HRD. <\/p>\n<p>Los channels de doble concavidad y la m\u00e1xima rigidez de la gama forman una sensaci\u00f3n de conexi\u00f3n directa con el agua. Puro freestyle con esta tabla.<\/p>\n<p>(*) Pop mega explosivo<br \/>\n(*) 5 medidas para todos los tipos de riders<br \/>\n(*) Control total para cuando cortas el agua previo al popeo<br \/>\n(*) Confort y estabilidad<\/p>\n","protected":false},"excerpt":{"rendered":"<p>La WTF! est\u00e1 construida con n\u00facleo de madera envuelto en fibra de vidrio, reforzado con fibra de carbono para mayor rigidez y soportar el uso de botas. <\/p>\n<p>El sistema patentado UNIBOX y las quillas RESPONSE tienen un efecto radical: el perfil asim\u00e9trico mejora notablemente el andar en el agua<br \/>\nSin embargo, es la flexi\u00f3n de las quillas RESPONSE lo que proporciona un pop explosivo y aterrizaje seguro<\/p>\n","protected":false},"featured_media":38625,"comment_status":"open","ping_status":"closed","template":"","meta":{"site-sidebar-layout":"default","site-content-layout":"","ast-site-content-layout":"default","site-content-style":"default","site-sidebar-style":"default","ast-global-header-display":"","ast-banner-title-visibility":"","ast-main-header-display":"","ast-hfb-above-header-display":"","ast-hfb-below-header-display":"","ast-hfb-mobile-header-display":"","site-post-title":"","ast-breadcrumbs-content":"","ast-featured-img":"","footer-sml-layout":"","ast-disable-related-posts":"","theme-transparent-header-meta":"","adv-header-id-meta":"","stick-header-meta":"","header-above-stick-meta":"","header-main-stick-meta":"","header-below-stick-meta":"","astra-migrate-meta-layouts":"default","ast-page-background-enabled":"default","ast-page-background-meta":{"desktop":{"background-color":"","background-image":"","background-repeat":"repeat","background-position":"center center","background-size":"auto","background-attachment":"scroll","background-type":"","background-media":"","overlay-type":"","overlay-color":"","overlay-opacity":"","overlay-gradient":""},"tablet":{"background-color":"","background-image":"","background-repeat":"repeat","background-position":"center center","background-size":"auto","background-attachment":"scroll","background-type":"","background-media":"","overlay-type":"","overlay-color":"","overlay-opacity":"","overlay-gradient":""},"mobile":{"background-color":"","background-image":"","background-repeat":"repeat","background-position":"center center","background-size":"auto","background-attachment":"scroll","background-type":"","background-media":"","overlay-type":"","overlay-color":"","overlay-opacity":"","overlay-gradient":""}},"ast-content-background-meta":{"desktop":{"background-color":"var(--ast-global-color-5)","background-image":"","background-repeat":"repeat","background-position":"center center","background-size":"auto","background-attachment":"scroll","background-type":"","background-media":"","overlay-type":"","overlay-color":"","overlay-opacity":"","overlay-gradient":""},"tablet":{"background-color":"var(--ast-global-color-5)","background-image":"","background-repeat":"repeat","background-position":"center center","background-size":"auto","background-attachment":"scroll","background-type":"","background-media":"","overlay-type":"","overlay-color":"","overlay-opacity":"","overlay-gradient":""},"mobile":{"background-color":"var(--ast-global-color-5)","background-image":"","background-repeat":"repeat","background-position":"center center","background-size":"auto","background-attachment":"scroll","background-type":"","background-media":"","overlay-type":"","overlay-color":"","overlay-opacity":"","overlay-gradient":""}}},"product_brand":[],"product_cat":[1803],"product_tag":[],"class_list":{"0":"post-38551","1":"product","2":"type-product","3":"status-publish","4":"has-post-thumbnail","6":"product_cat-f-one-2","7":"desktop-align-left","8":"tablet-align-left","9":"mobile-align-left","11":"first","12":"instock","13":"shipping-taxable","14":"purchasable","15":"product-type-simple"},"_links":{"self":[{"href":"https:\/\/secondwind.ar\/wp\/wp-json\/wp\/v2\/product\/38551","targetHints":{"allow":["GET"]}}],"collection":[{"href":"https:\/\/secondwind.ar\/wp\/wp-json\/wp\/v2\/product"}],"about":[{"href":"https:\/\/secondwind.ar\/wp\/wp-json\/wp\/v2\/types\/product"}],"replies":[{"embeddable":true,"href":"https:\/\/secondwind.ar\/wp\/wp-json\/wp\/v2\/comments?post=38551"}],"version-history":[{"count":1,"href":"https:\/\/secondwind.ar\/wp\/wp-json\/wp\/v2\/product\/38551\/revisions"}],"predecessor-version":[{"id":38626,"href":"https:\/\/secondwind.ar\/wp\/wp-json\/wp\/v2\/product\/38551\/revisions\/38626"}],"wp:featuredmedia":[{"embeddable":true,"href":"https:\/\/secondwind.ar\/wp\/wp-json\/wp\/v2\/media\/38625"}],"wp:attachment":[{"href":"https:\/\/secondwind.ar\/wp\/wp-json\/wp\/v2\/media?parent=38551"}],"wp:term":[{"taxonomy":"product_brand","embeddable":true,"href":"https:\/\/secondwind.ar\/wp\/wp-json\/wp\/v2\/product_brand?post=38551"},{"taxonomy":"product_cat","embeddable":true,"href":"https:\/\/secondwind.ar\/wp\/wp-json\/wp\/v2\/product_cat?post=38551"},{"taxonomy":"product_tag","embeddable":true,"href":"https:\/\/secondwind.ar\/wp\/wp-json\/wp\/v2\/product_tag?post=38551"}],"curies":[{"name":"wp","href":"https:\/\/api.w.org\/{rel}","templated":true}]}}